{"id":49,"date":"2025-02-07T11:45:50","date_gmt":"2025-02-07T11:45:50","guid":{"rendered":"https:\/\/krzysztofmusial.art\/?page_id=49"},"modified":"2026-01-27T17:09:35","modified_gmt":"2026-01-27T17:09:35","slug":"news","status":"publish","type":"page","link":"https:\/\/krzysztofmusial.art\/index.php\/news\/","title":{"rendered":"News"},"content":{"rendered":"<p style=\"text-align: center;\">Zapraszam na aukcj\u0119 mojego obrazu z cyklu <strong>SYMETRIA<\/strong> &#8211; <em><strong>WO\u015aP 2026<\/strong><\/em><\/p>\n<p style=\"text-align: center;\"><a href=\"https:\/\/allegro.pl\/oferta\/symetria-iv-olej-akryl-plotno-45x45-cm-18244003679\">WO\u015aP &#8211; Allegro &#8211; SYMETRIA &#8211; Musia\u0142<\/a><\/p>\n<hr \/>\n<p style=\"text-align: center;\">Aktualnie pracuj\u0119 nad kontynuacj\u0105 cyklu <strong>Algebra Bool&#8217;a<\/strong>.<\/p>\n<p style=\"text-align: center;\">Min\u0119\u0142o dwadzie\u015bcia lat i postanowi\u0142em wr\u00f3ci\u0107 do tematu.<\/p>\n<hr \/>\n<p style=\"text-align: center;\">19 wrze\u015bnia odby\u0142 si\u0119 wernisa\u017c wystawy z pracami z cyklu DIALOGI<\/p>\n<p style=\"text-align: center;\">w Galerii\u00a0<strong> Zajezdnia Kultury<\/strong> w Pleszewie.<\/p>\n<p style=\"text-align: center;\">Zapraszam !!!<\/p>\n","protected":false},"excerpt":{"rendered":"<p>Zapraszam na aukcj\u0119 mojego obrazu z cyklu SYMETRIA &#8211; WO\u015aP 2026 WO\u015aP &#8211; Allegro &#8211; SYMETRIA &#8211; Musia\u0142 Aktualnie pracuj\u0119 nad kontynuacj\u0105 cyklu Algebra Bool&#8217;a. Min\u0119\u0142o dwadzie\u015bcia lat i postanowi\u0142em wr\u00f3ci\u0107 do tematu. 19 wrze\u015bnia odby\u0142 si\u0119 wernisa\u017c wystawy z pracami z cyklu DIALOGI w Galerii\u00a0 Zajezdnia Kultury w Pleszewie. Zapraszam !!!<\/p>\n","protected":false},"author":1,"featured_media":0,"parent":0,"menu_order":0,"comment_status":"closed","ping_status":"closed","template":"","meta":{"site-container-style":"default","site-container-layout":"default","site-sidebar-layout":"default","disable-article-header":"default","disable-site-header":"default","disable-site-footer":"default","disable-content-area-spacing":"default","footnotes":""},"class_list":["post-49","page","type-page","status-publish","hentry"],"yoast_head":"<!-- This site is optimized with the Yoast SEO plugin v26.8 - https:\/\/yoast.com\/product\/yoast-seo-wordpress\/ -->\n<title>News - Krzysztof Musia\u0142<\/title>\n<meta name=\"description\" content=\"Krzysztof Musia\u0142 malarstwo wsp\u00f3\u0142czesne\" \/>\n<meta name=\"robots\" content=\"index, follow, max-snippet:-1, max-image-preview:large, max-video-preview:-1\" \/>\n<link rel=\"canonical\" href=\"https:\/\/krzysztofmusial.art\/index.php\/news\/\" \/>\n<meta property=\"og:locale\" content=\"en_US\" \/>\n<meta property=\"og:type\" content=\"article\" \/>\n<meta property=\"og:title\" content=\"News - Krzysztof Musia\u0142\" \/>\n<meta property=\"og:description\" content=\"Krzysztof Musia\u0142 malarstwo wsp\u00f3\u0142czesne\" \/>\n<meta property=\"og:url\" content=\"https:\/\/krzysztofmusial.art\/index.php\/news\/\" \/>\n<meta property=\"og:site_name\" content=\"Krzysztof Musia\u0142\" \/>\n<meta property=\"article:modified_time\" content=\"2026-01-27T17:09:35+00:00\" \/>\n<meta name=\"twitter:card\" content=\"summary_large_image\" \/>\n<meta name=\"twitter:label1\" content=\"Est. reading time\" \/>\n\t<meta name=\"twitter:data1\" content=\"1 minute\" \/>\n<script type=\"application\/ld+json\" class=\"yoast-schema-graph\">{\"@context\":\"https:\/\/schema.org\",\"@graph\":[{\"@type\":\"WebPage\",\"@id\":\"https:\/\/krzysztofmusial.art\/index.php\/news\/\",\"url\":\"https:\/\/krzysztofmusial.art\/index.php\/news\/\",\"name\":\"News - Krzysztof Musia\u0142\",\"isPartOf\":{\"@id\":\"https:\/\/krzysztofmusial.art\/#website\"},\"datePublished\":\"2025-02-07T11:45:50+00:00\",\"dateModified\":\"2026-01-27T17:09:35+00:00\",\"description\":\"Krzysztof Musia\u0142 malarstwo wsp\u00f3\u0142czesne\",\"breadcrumb\":{\"@id\":\"https:\/\/krzysztofmusial.art\/index.php\/news\/#breadcrumb\"},\"inLanguage\":\"en-US\",\"potentialAction\":[{\"@type\":\"ReadAction\",\"target\":[\"https:\/\/krzysztofmusial.art\/index.php\/news\/\"]}]},{\"@type\":\"BreadcrumbList\",\"@id\":\"https:\/\/krzysztofmusial.art\/index.php\/news\/#breadcrumb\",\"itemListElement\":[{\"@type\":\"ListItem\",\"position\":1,\"name\":\"Strona g\u0142\u00f3wna\",\"item\":\"https:\/\/krzysztofmusial.art\/\"},{\"@type\":\"ListItem\",\"position\":2,\"name\":\"News\"}]},{\"@type\":\"WebSite\",\"@id\":\"https:\/\/krzysztofmusial.art\/#website\",\"url\":\"https:\/\/krzysztofmusial.art\/\",\"name\":\"Krzysztof Musia\u0142\",\"description\":\"Malarstwo\",\"potentialAction\":[{\"@type\":\"SearchAction\",\"target\":{\"@type\":\"EntryPoint\",\"urlTemplate\":\"https:\/\/krzysztofmusial.art\/?s={search_term_string}\"},\"query-input\":{\"@type\":\"PropertyValueSpecification\",\"valueRequired\":true,\"valueName\":\"search_term_string\"}}],\"inLanguage\":\"en-US\"}]}<\/script>\n<!-- \/ Yoast SEO plugin. -->","yoast_head_json":{"title":"News - Krzysztof Musia\u0142","description":"Krzysztof Musia\u0142 malarstwo wsp\u00f3\u0142czesne","robots":{"index":"index","follow":"follow","max-snippet":"max-snippet:-1","max-image-preview":"max-image-preview:large","max-video-preview":"max-video-preview:-1"},"canonical":"https:\/\/krzysztofmusial.art\/index.php\/news\/","og_locale":"en_US","og_type":"article","og_title":"News - Krzysztof Musia\u0142","og_description":"Krzysztof Musia\u0142 malarstwo wsp\u00f3\u0142czesne","og_url":"https:\/\/krzysztofmusial.art\/index.php\/news\/","og_site_name":"Krzysztof Musia\u0142","article_modified_time":"2026-01-27T17:09:35+00:00","twitter_card":"summary_large_image","twitter_misc":{"Est. reading time":"1 minute"},"schema":{"@context":"https:\/\/schema.org","@graph":[{"@type":"WebPage","@id":"https:\/\/krzysztofmusial.art\/index.php\/news\/","url":"https:\/\/krzysztofmusial.art\/index.php\/news\/","name":"News - Krzysztof Musia\u0142","isPartOf":{"@id":"https:\/\/krzysztofmusial.art\/#website"},"datePublished":"2025-02-07T11:45:50+00:00","dateModified":"2026-01-27T17:09:35+00:00","description":"Krzysztof Musia\u0142 malarstwo wsp\u00f3\u0142czesne","breadcrumb":{"@id":"https:\/\/krzysztofmusial.art\/index.php\/news\/#breadcrumb"},"inLanguage":"en-US","potentialAction":[{"@type":"ReadAction","target":["https:\/\/krzysztofmusial.art\/index.php\/news\/"]}]},{"@type":"BreadcrumbList","@id":"https:\/\/krzysztofmusial.art\/index.php\/news\/#breadcrumb","itemListElement":[{"@type":"ListItem","position":1,"name":"Strona g\u0142\u00f3wna","item":"https:\/\/krzysztofmusial.art\/"},{"@type":"ListItem","position":2,"name":"News"}]},{"@type":"WebSite","@id":"https:\/\/krzysztofmusial.art\/#website","url":"https:\/\/krzysztofmusial.art\/","name":"Krzysztof Musia\u0142","description":"Malarstwo","potentialAction":[{"@type":"SearchAction","target":{"@type":"EntryPoint","urlTemplate":"https:\/\/krzysztofmusial.art\/?s={search_term_string}"},"query-input":{"@type":"PropertyValueSpecification","valueRequired":true,"valueName":"search_term_string"}}],"inLanguage":"en-US"}]}},"_links":{"self":[{"href":"https:\/\/krzysztofmusial.art\/index.php\/wp-json\/wp\/v2\/pages\/49","targetHints":{"allow":["GET"]}}],"collection":[{"href":"https:\/\/krzysztofmusial.art\/index.php\/wp-json\/wp\/v2\/pages"}],"about":[{"href":"https:\/\/krzysztofmusial.art\/index.php\/wp-json\/wp\/v2\/types\/page"}],"author":[{"embeddable":true,"href":"https:\/\/krzysztofmusial.art\/index.php\/wp-json\/wp\/v2\/users\/1"}],"replies":[{"embeddable":true,"href":"https:\/\/krzysztofmusial.art\/index.php\/wp-json\/wp\/v2\/comments?post=49"}],"version-history":[{"count":9,"href":"https:\/\/krzysztofmusial.art\/index.php\/wp-json\/wp\/v2\/pages\/49\/revisions"}],"predecessor-version":[{"id":1254,"href":"https:\/\/krzysztofmusial.art\/index.php\/wp-json\/wp\/v2\/pages\/49\/revisions\/1254"}],"wp:attachment":[{"href":"https:\/\/krzysztofmusial.art\/index.php\/wp-json\/wp\/v2\/media?parent=49"}],"curies":[{"name":"wp","href":"https:\/\/api.w.org\/{rel}","templated":true}]}}